{"id":9004,"date":"2023-06-20T19:37:59","date_gmt":"2023-06-20T19:37:59","guid":{"rendered":"https:\/\/hunterscreekdentistry.com\/metlife-dental-insurance-plans\/"},"modified":"2026-04-01T12:24:54","modified_gmt":"2026-04-01T16:24:54","slug":"metlife-dental-insurance-plans","status":"publish","type":"page","link":"https:\/\/hunterscreekdentistry.com\/es\/metlife-dental-insurance-plans\/","title":{"rendered":"Planes de seguro dental MetLife"},"content":{"rendered":"<div id=\"cs-content\" class=\"cs-content\"><div class=\"x-section e9004-e1 m6y4-0 m6y4-1 m6y4-2 m6y4-5 hero_video\" style=\"--tco-dc6y4-1:rgb(0, 86, 139);\"><div class=\"x-bg\" aria-hidden=\"true\"><div class=\"x-bg-layer-lower-color\"><\/div><div class=\"x-bg-layer-upper-color\"><\/div><\/div><div class=\"x-row x-container max width e9004-e2 m6y4-6 m6y4-7 m6y4-8 m6y4-e m6y4-f\"><div class=\"x-row-inner\"><div class=\"x-col e9004-e3 m6y4-k m6y4-l m6y4-m m6y4-n m6y4-o\"><div class=\"x-div e9004-e4 m6y4-t\"><div class=\"x-text x-content e9004-e5 m6y4-u m6y4-v m6y4-w m6y4-x m6y4-y m6y4-z\"><p class=\"p9px txt_white\">Se Habla Espa\u00f1ol<\/p><\/div><div class=\"x-text x-content e9004-e6 m6y4-u m6y4-v m6y4-w m6y4-x m6y4-y m6y4-z\"><p class=\"p9px txt_white\">Citas de urgencia disponibles<\/p><\/div><\/div><div class=\"x-text x-content e9004-e7 m6y4-u m6y4-w m6y4-z m6y4-10\"><a class=\"x-image\" href=\"\/es\/homepage\/\" style=\"outline: none;\"><img sizes=\"(max-width: 960px) 100vw, 960px\" srcset=\"https:\/\/hunterscreekdentistry.com\/wp-content\/uploads\/sites\/25\/2025\/09\/GPI-0128-001_HCD_White_960x238.png 960w, https:\/\/hunterscreekdentistry.com\/wp-content\/uploads\/sites\/25\/2025\/09\/GPI-0128-001_HCD_White_960x238-300x74.png 300w, https:\/\/hunterscreekdentistry.com\/wp-content\/uploads\/sites\/25\/2025\/09\/GPI-0128-001_HCD_White_960x238-768x190.png 768w, https:\/\/hunterscreekdentistry.com\/wp-content\/uploads\/sites\/25\/2025\/09\/GPI-0128-001_HCD_White_960x238-18x4.png 18w, https:\/\/hunterscreekdentistry.com\/wp-content\/uploads\/sites\/25\/2025\/09\/GPI-0128-001_HCD_White_960x238-100x25.png 100w\" decoding=\"async\" src=\"https:\/\/hunterscreekdentistry.com\/wp-content\/uploads\/sites\/25\/2025\/09\/GPI-0128-001_HCD_White_960x238.png\" width=\"480\" height=\"119\" alt=\"Hunters Creek Dentistry Logo\" loading=\"lazy\"><\/a><\/div><\/div><\/div><\/div><div class=\"x-row x-container max width e9004-e8 m6y4-6 m6y4-8 m6y4-9 m6y4-e m6y4-g\"><div class=\"x-row-inner\"><div class=\"x-col e9004-e9 m6y4-k m6y4-m m6y4-n m6y4-o m6y4-p m6y4-q\"><div class=\"x-text x-content e9004-e10 m6y4-u m6y4-w m6y4-y m6y4-11 m6y4-12\"><h1 class=\"txt_white\">Planes de seguro MetLife<\/h1><\/div><div class=\"x-text x-content e9004-e11 m6y4-u m6y4-w m6y4-z m6y4-10\"><p class=\"pdefault\"><a href=\"\/es\/insurances-we-accept\/#od_insuranceblock\" class=\"txt_white\">Volver a la p\u00e1gina de seguros<\/a><\/p><\/div><\/div><\/div><\/div><\/div><div class=\"x-section e9004-e12 m6y4-0 m6y4-3\" style=\"--tco-dc6y4-3:rgba(203, 197, 147, .3);--tco-dc6y4-6:rgba(203, 197, 147, .3);\"><div class=\"x-row x-container max width e9004-e13 m6y4-6 m6y4-8 m6y4-a m6y4-b m6y4-e m6y4-h\" style=\"--tco-dc6y4-9:rgb(255, 255, 255);--tco-dc6y4-c:rgb(255, 255, 255);\"><div class=\"x-row-inner\"><div class=\"x-col e9004-e14 m6y4-k m6y4-l m6y4-o m6y4-r\"><div class=\"x-text x-content e9004-e15 m6y4-u m6y4-w m6y4-z m6y4-11 m6y4-13\"><h2>Hunters Creek Dentistry acepta los siguientes planes de seguro de MetLife<\/h2><\/div><div class=\"x-text x-content e9004-e16 m6y4-u m6y4-v m6y4-w m6y4-z m6y4-14 m6y4-15\"><ul>\r\n\t<li class=\"ins_li\" data-no-translation=\"\" data-no-auto-translation=\"\">Metlife PDP Plus<\/li>\r\n\t<li class=\"ins_li\" data-no-translation=\"\" data-no-auto-translation=\"\">Federal Dental (FEDVIP)<\/li>\r\n<\/ul><\/div><div class=\"x-text x-content e9004-e17 m6y4-u m6y4-v m6y4-w m6y4-z m6y4-14\"><p class=\"pdefault\"><b>Si no encuentra su seguro aqu\u00ed, por favor <a href=\"\/es\/contact-us\/\">Contacto<\/a> para ayudarle m\u00e1s.<\/b> <i>Tenga en cuenta que actualmente no aceptamos Medicaid ni planes HMO.<\/i><\/p><\/div><div class=\"x-text x-content e9004-e18 m6y4-u m6y4-v m6y4-w m6y4-z m6y4-14\"><p class=\"pdefault\"><a href=\"\/es\/insurances-we-accept\/#od_insuranceblock\" class=\"txt_under\">Volver a la p\u00e1gina de seguros<\/a><\/p><\/div><\/div><\/div><\/div><div class=\"x-row x-container max width e9004-e19 m6y4-6 m6y4-8 m6y4-a m6y4-c m6y4-e m6y4-i\" style=\"--tco-dc6y4-f:rgb(255, 255, 255);--tco-dc6y4-i:rgb(255, 255, 255);--tco-dc6y4-l:rgb(255, 255, 255);\"><div class=\"x-row-inner\"><div class=\"x-col e9004-e20 m6y4-o m6y4-s\"><div class=\"x-text x-content e9004-e21 m6y4-u m6y4-v m6y4-14 m6y4-16\"><p class=\"pdefault\">MetLife ofrece planes de seguro dental integrales que dan acceso a una amplia red de dentistas, garantizando que los afiliados puedan encontrar f\u00e1cilmente asistencia de alta calidad. Los planes dentales de MetLife abarcan una gran variedad de servicios, como procedimientos preventivos, b\u00e1sicos y principales, que satisfacen las distintas necesidades de salud bucodental. La compa\u00f1\u00eda da importancia a la atenci\u00f3n preventiva, proporcionando cobertura para revisiones rutinarias, limpiezas y radiograf\u00edas para mantener una salud bucodental \u00f3ptima. MetLife tambi\u00e9n hace hincapi\u00e9 en la flexibilidad, ya que permite a los afiliados elegir a sus dentistas preferidos dentro o fuera de la red. Adem\u00e1s, MetLife se esfuerza por ofrecer un excelente servicio de atenci\u00f3n al cliente y pone a disposici\u00f3n de sus asegurados valiosos recursos para ayudarles a comprender y aprovechar al m\u00e1ximo sus prestaciones dentales.<\/p>\n<p class=\"pdefault\">Para m\u00e1s informaci\u00f3n, <a href=\"https:\/\/www.metlife.com\/\" target=\"_new\">haga clic aqu\u00ed para visitar su sitio web.<\/a><\/p><\/div><\/div><div class=\"x-col e9004-e22 m6y4-k m6y4-m m6y4-o m6y4-p\"><span class=\"x-image e9004-e23 m6y4-17\"><img sizes=\"(max-width: 354px) 100vw, 354px\" srcset=\"https:\/\/hunterscreekdentistry.com\/wp-content\/uploads\/sites\/25\/2023\/06\/MetLife.png 354w, https:\/\/hunterscreekdentistry.com\/wp-content\/uploads\/sites\/25\/2023\/06\/MetLife-300x68.png 300w, https:\/\/hunterscreekdentistry.com\/wp-content\/uploads\/sites\/25\/2023\/06\/MetLife-100x23.png 100w\" decoding=\"async\" src=\"https:\/\/hunterscreekdentistry.com\/wp-content\/uploads\/sites\/25\/2023\/06\/MetLife.png\" width=\"354\" height=\"80\" alt=\"MetLife logo featuring a stylized blue and green M shape on the left, with the word MetLife in bold black letters on the right.\"><\/span><\/div><\/div><\/div><\/div><div class=\"x-section e9004-e24 m6y4-0 m6y4-1 m6y4-4\"><div class=\"x-row e9004-e25 m6y4-6 m6y4-d m6y4-e m6y4-j\"><div class=\"x-row-inner\"><div class=\"x-col e9004-e26 m6y4-o\"><div class=\"cs-content x-global-block x-global-block-9054 e9054-e0\"><div class=\"x-section e9054-e2 m6zi-0\" style=\"--tco-dc6zi-1:rgb(255, 255, 255);--tco-dc6zi-4:rgb(255, 255, 255);\"><div class=\"x-row x-container max width e9054-e3 m6zi-1 m6zi-2 m6zi-3\"><div class=\"x-row-inner\"><div class=\"x-col e9054-e4 m6zi-5 m6zi-6 m6zi-7\"><div class=\"x-text x-content e9054-e5 m6zi-a m6zi-b\"><h2>Opciones de pago flexibles<\/h2>\n<h3>Para una atenci\u00f3n dental de alta calidad en Orlando<\/h3><\/div><div class=\"x-text x-content e9054-e6 m6zi-a m6zi-c\"><p class=\"pdefault\">Para su comodidad, Hunters Creek Odontolog\u00eda acepta:<\/p>\n\n<ul>\n \t<li class=\"pdefault\">Una amplia gama de planes de seguro dental PPO -<span>\u00a0<\/span><a href=\"\/es\/insurances-we-accept\/\" target=\"_self\"><b>pulse aqu\u00ed<\/b> para ver qu\u00e9 seguros aceptamos<\/a><\/li>\n \t<li class=\"pdefault\">Plan interno de descuentos y ofertas especiales para pacientes sin seguro m\u00e9dico<\/li>\n \t<li class=\"pdefault\">Efectivo y cheque<\/li>\n \t<li class=\"pdefault\">Todas las principales tarjetas de cr\u00e9dito, incluidas MasterCard, VISA, Discover, American Express, etc.<\/li>\n<\/ul>\n<p class=\"pdefault\"><b>NO aceptamos planes HMO ni Medicaid.<\/b><\/p><\/div><\/div><div class=\"x-col e9054-e7 m6zi-5 m6zi-8 m6zi-9\"><a class=\"x-image e9054-e8 m6zi-e\" href=\"https:\/\/apply.sunbit.com\/HuntersCreekDentistry\" target=\"_blank\" rel=\"noopener noreferrer\"><img sizes=\"(max-width: 600px) 100vw, 600px\" srcset=\"https:\/\/hunterscreekdentistry.com\/wp-content\/uploads\/sites\/25\/2025\/11\/Dntl_Web_600x500-1.png 600w, https:\/\/hunterscreekdentistry.com\/wp-content\/uploads\/sites\/25\/2025\/11\/Dntl_Web_600x500-1-300x250.png 300w, https:\/\/hunterscreekdentistry.com\/wp-content\/uploads\/sites\/25\/2025\/11\/Dntl_Web_600x500-1-14x12.png 14w, https:\/\/hunterscreekdentistry.com\/wp-content\/uploads\/sites\/25\/2025\/11\/Dntl_Web_600x500-1-100x83.png 100w\" decoding=\"async\" src=\"https:\/\/hunterscreekdentistry.com\/wp-content\/uploads\/sites\/25\/2025\/11\/Dntl_Web_600x500-1.png\" width=\"300\" height=\"250\" alt=\"Smile now, Pay-over-time with sunbit\"><\/a><\/div><\/div><\/div><\/div><\/div><\/div><\/div><\/div><\/div><\/div>","protected":false},"excerpt":{"rendered":"<p>Los planes de seguro Hunters Creek Odontolog\u00eda acepta. \u00a1Llame al 407-251-5100 hoy para programar su cita con nuestros dentistas cualificados y de confianza!<\/p>","protected":false},"author":1,"featured_media":0,"parent":0,"menu_order":0,"comment_status":"closed","ping_status":"closed","template":"template-blank-4.php","meta":{"footnotes":""},"class_list":["post-9004","page","type-page","status-publish","hentry","no-post-thumbnail"],"aioseo_notices":[],"aioseo_head":"\n\t\t<!-- All in One SEO Pro 4.9.5.1 - aioseo.com -->\n\t<meta name=\"description\" content=\"The insurance plans Hunters Creek Dentistry accepts. Call 407-251-5100 today to schedule your appointment with our skilled and trusted dentists!\" \/>\n\t<meta name=\"robots\" content=\"max-image-preview:large\" \/>\n\t<link rel=\"canonical\" href=\"https:\/\/hunterscreekdentistry.com\/es\/metlife-dental-insurance-plans\/\" \/>\n\t<meta name=\"generator\" content=\"All in One SEO Pro (AIOSEO) 4.9.5.1\" \/>\n\t\t<meta property=\"og:locale\" content=\"es_ES\" \/>\n\t\t<meta property=\"og:site_name\" content=\"Hunters Creek Dentistry - Hunters Creek Dentistry\" \/>\n\t\t<meta property=\"og:type\" content=\"article\" \/>\n\t\t<meta property=\"og:title\" content=\"MetLife Dental Insurance Plans - Hunters Creek Dentistry - Orlando Dentist Near You\" \/>\n\t\t<meta property=\"og:description\" content=\"The insurance plans Hunters Creek Dentistry accepts. Call 407-251-5100 today to schedule your appointment with our skilled and trusted dentists!\" \/>\n\t\t<meta property=\"og:url\" content=\"https:\/\/hunterscreekdentistry.com\/es\/metlife-dental-insurance-plans\/\" \/>\n\t\t<meta property=\"og:image\" content=\"https:\/\/hunterscreekdentistry.com\/wp-content\/uploads\/sites\/25\/2023\/11\/HCD.jpg\" \/>\n\t\t<meta property=\"og:image:secure_url\" content=\"https:\/\/hunterscreekdentistry.com\/wp-content\/uploads\/sites\/25\/2023\/11\/HCD.jpg\" \/>\n\t\t<meta property=\"og:image:width\" content=\"1200\" \/>\n\t\t<meta property=\"og:image:height\" content=\"630\" \/>\n\t\t<meta property=\"article:published_time\" content=\"2023-06-20T19:37:59+00:00\" \/>\n\t\t<meta property=\"article:modified_time\" content=\"2026-04-01T16:24:54+00:00\" \/>\n\t\t<meta name=\"twitter:card\" content=\"summary\" \/>\n\t\t<meta name=\"twitter:title\" content=\"MetLife Dental Insurance Plans - Hunters Creek Dentistry - Orlando Dentist Near You\" \/>\n\t\t<meta name=\"twitter:description\" content=\"The insurance plans Hunters Creek Dentistry accepts. Call 407-251-5100 today to schedule your appointment with our skilled and trusted dentists!\" \/>\n\t\t<meta name=\"twitter:image\" content=\"https:\/\/hunterscreekdentistry.com\/wp-content\/uploads\/sites\/25\/2023\/11\/HCD.jpg\" \/>\n\t\t<script type=\"application\/ld+json\" class=\"aioseo-schema\">\n\t\t\t{\"@context\":\"https:\\\/\\\/schema.org\",\"@graph\":[{\"@type\":\"BreadcrumbList\",\"@id\":\"https:\\\/\\\/hunterscreekdentistry.com\\\/es\\\/metlife-dental-insurance-plans\\\/#breadcrumblist\",\"itemListElement\":[{\"@type\":\"ListItem\",\"@id\":\"https:\\\/\\\/hunterscreekdentistry.com\\\/es#listItem\",\"position\":1,\"name\":\"Home\",\"item\":\"https:\\\/\\\/hunterscreekdentistry.com\\\/es\",\"nextItem\":{\"@type\":\"ListItem\",\"@id\":\"https:\\\/\\\/hunterscreekdentistry.com\\\/es\\\/metlife-dental-insurance-plans\\\/#listItem\",\"name\":\"MetLife Dental Insurance Plans\"}},{\"@type\":\"ListItem\",\"@id\":\"https:\\\/\\\/hunterscreekdentistry.com\\\/es\\\/metlife-dental-insurance-plans\\\/#listItem\",\"position\":2,\"name\":\"MetLife Dental Insurance Plans\",\"previousItem\":{\"@type\":\"ListItem\",\"@id\":\"https:\\\/\\\/hunterscreekdentistry.com\\\/es#listItem\",\"name\":\"Home\"}}]},{\"@type\":\"Organization\",\"@id\":\"https:\\\/\\\/hunterscreekdentistry.com\\\/es\\\/#organization\",\"name\":\"Hunters Creek Dentistry\",\"description\":\"Hunters Creek Dentistry\",\"url\":\"https:\\\/\\\/hunterscreekdentistry.com\\\/es\\\/\",\"email\":\"contact@hunterscreekdentistry.com\",\"telephone\":\"+14072515100\",\"logo\":{\"@type\":\"ImageObject\",\"url\":\"http:\\\/\\\/master.operationdental.com\\\/wp-content\\\/uploads\\\/2022\\\/08\\\/HDC_Logocolor750w.png\",\"@id\":\"https:\\\/\\\/hunterscreekdentistry.com\\\/es\\\/metlife-dental-insurance-plans\\\/#organizationLogo\"},\"image\":{\"@id\":\"https:\\\/\\\/hunterscreekdentistry.com\\\/es\\\/metlife-dental-insurance-plans\\\/#organizationLogo\"},\"address\":{\"@id\":\"https:\\\/\\\/hunterscreekdentistry.com\\\/es\\\/#postaladdress\",\"@type\":\"PostalAddress\",\"streetAddress\":\"14009 Egret Tower Dr,\",\"postalCode\":\"32837\",\"addressLocality\":\"Orlando\",\"addressRegion\":\"Florida\",\"addressCountry\":\"US\"}},{\"@type\":\"WebPage\",\"@id\":\"https:\\\/\\\/hunterscreekdentistry.com\\\/es\\\/metlife-dental-insurance-plans\\\/#webpage\",\"url\":\"https:\\\/\\\/hunterscreekdentistry.com\\\/es\\\/metlife-dental-insurance-plans\\\/\",\"name\":\"MetLife Dental Insurance Plans - Hunters Creek Dentistry - Orlando Dentist Near You\",\"description\":\"The insurance plans Hunters Creek Dentistry accepts. Call 407-251-5100 today to schedule your appointment with our skilled and trusted dentists!\",\"inLanguage\":\"es-ES\",\"isPartOf\":{\"@id\":\"https:\\\/\\\/hunterscreekdentistry.com\\\/es\\\/#website\"},\"breadcrumb\":{\"@id\":\"https:\\\/\\\/hunterscreekdentistry.com\\\/es\\\/metlife-dental-insurance-plans\\\/#breadcrumblist\"},\"datePublished\":\"2023-06-20T19:37:59-04:00\",\"dateModified\":\"2026-04-01T12:24:54-04:00\"},{\"@type\":\"WebSite\",\"@id\":\"https:\\\/\\\/hunterscreekdentistry.com\\\/es\\\/#website\",\"url\":\"https:\\\/\\\/hunterscreekdentistry.com\\\/es\\\/\",\"name\":\"Hunters Creek Dentistry\",\"description\":\"Hunters Creek Dentistry\",\"inLanguage\":\"es-ES\",\"publisher\":{\"@id\":\"https:\\\/\\\/hunterscreekdentistry.com\\\/es\\\/#organization\"}}]}\n\t\t<\/script>\n\t\t<!-- All in One SEO Pro -->\r\n\t\t<title>MetLife Dental Insurance Plans - Hunters Creek Dentistry - Orlando Dentist Near You<\/title>\n\n","aioseo_head_json":{"title":"Planes de seguro dental MetLife - Hunters Creek Dentistry - Dentista en Orlando cerca de usted","description":"Los planes de seguro Hunters Creek Odontolog\u00eda acepta. \u00a1Llame al 407-251-5100 hoy para programar su cita con nuestros dentistas cualificados y de confianza!","canonical_url":"https:\/\/hunterscreekdentistry.com\/es\/metlife-dental-insurance-plans\/","robots":"max-image-preview:large","keywords":"","webmasterTools":{"miscellaneous":""},"schema":{"@context":"https:\/\/schema.org","@graph":[{"@type":"BreadcrumbList","@id":"https:\/\/hunterscreekdentistry.com\/es\/metlife-dental-insurance-plans\/#breadcrumblist","itemListElement":[{"@type":"ListItem","@id":"https:\/\/hunterscreekdentistry.com\/es#listItem","position":1,"name":"Home","item":"https:\/\/hunterscreekdentistry.com\/es","nextItem":{"@type":"ListItem","@id":"https:\/\/hunterscreekdentistry.com\/es\/metlife-dental-insurance-plans\/#listItem","name":"MetLife Dental Insurance Plans"}},{"@type":"ListItem","@id":"https:\/\/hunterscreekdentistry.com\/es\/metlife-dental-insurance-plans\/#listItem","position":2,"name":"MetLife Dental Insurance Plans","previousItem":{"@type":"ListItem","@id":"https:\/\/hunterscreekdentistry.com\/es#listItem","name":"Home"}}]},{"@type":"Organization","@id":"https:\/\/hunterscreekdentistry.com\/es\/#organization","name":"Hunters Creek Dentistry","description":"Hunters Creek Dentistry","url":"https:\/\/hunterscreekdentistry.com\/es\/","email":"contact@hunterscreekdentistry.com","telephone":"+14072515100","logo":{"@type":"ImageObject","url":"http:\/\/master.operationdental.com\/wp-content\/uploads\/2022\/08\/HDC_Logocolor750w.png","@id":"https:\/\/hunterscreekdentistry.com\/es\/metlife-dental-insurance-plans\/#organizationLogo"},"image":{"@id":"https:\/\/hunterscreekdentistry.com\/es\/metlife-dental-insurance-plans\/#organizationLogo"},"address":{"@id":"https:\/\/hunterscreekdentistry.com\/es\/#postaladdress","@type":"PostalAddress","streetAddress":"14009 Egret Tower Dr,","postalCode":"32837","addressLocality":"Orlando","addressRegion":"Florida","addressCountry":"US"}},{"@type":"WebPage","@id":"https:\/\/hunterscreekdentistry.com\/es\/metlife-dental-insurance-plans\/#webpage","url":"https:\/\/hunterscreekdentistry.com\/es\/metlife-dental-insurance-plans\/","name":"MetLife Dental Insurance Plans - Hunters Creek Dentistry - Orlando Dentist Near You","description":"The insurance plans Hunters Creek Dentistry accepts. Call 407-251-5100 today to schedule your appointment with our skilled and trusted dentists!","inLanguage":"es-ES","isPartOf":{"@id":"https:\/\/hunterscreekdentistry.com\/es\/#website"},"breadcrumb":{"@id":"https:\/\/hunterscreekdentistry.com\/es\/metlife-dental-insurance-plans\/#breadcrumblist"},"datePublished":"2023-06-20T19:37:59-04:00","dateModified":"2026-04-01T12:24:54-04:00"},{"@type":"WebSite","@id":"https:\/\/hunterscreekdentistry.com\/es\/#website","url":"https:\/\/hunterscreekdentistry.com\/es\/","name":"Hunters Creek Dentistry","description":"Hunters Creek Dentistry","inLanguage":"es-ES","publisher":{"@id":"https:\/\/hunterscreekdentistry.com\/es\/#organization"}}]},"og:locale":"es_ES","og:site_name":"Hunters Creek Dentistry - Hunters Creek Dentistry","og:type":"article","og:title":"MetLife Dental Insurance Plans - Hunters Creek Dentistry - Orlando Dentist Near You","og:description":"The insurance plans Hunters Creek Dentistry accepts. Call 407-251-5100 today to schedule your appointment with our skilled and trusted dentists!","og:url":"https:\/\/hunterscreekdentistry.com\/es\/metlife-dental-insurance-plans\/","og:image":"https:\/\/hunterscreekdentistry.com\/wp-content\/uploads\/sites\/25\/2023\/11\/HCD.jpg","og:image:secure_url":"https:\/\/hunterscreekdentistry.com\/wp-content\/uploads\/sites\/25\/2023\/11\/HCD.jpg","og:image:width":1200,"og:image:height":630,"article:published_time":"2023-06-20T19:37:59+00:00","article:modified_time":"2026-04-01T16:24:54+00:00","twitter:card":"summary","twitter:title":"MetLife Dental Insurance Plans - Hunters Creek Dentistry - Orlando Dentist Near You","twitter:description":"The insurance plans Hunters Creek Dentistry accepts. Call 407-251-5100 today to schedule your appointment with our skilled and trusted dentists!","twitter:image":"https:\/\/hunterscreekdentistry.com\/wp-content\/uploads\/sites\/25\/2023\/11\/HCD.jpg"},"aioseo_meta_data":{"post_id":"9004","title":null,"description":null,"keywords":null,"keyphrases":null,"primary_term":null,"canonical_url":null,"og_title":null,"og_description":null,"og_object_type":"default","og_image_type":"default","og_image_url":null,"og_image_width":null,"og_image_height":null,"og_image_custom_url":null,"og_image_custom_fields":null,"og_video":null,"og_custom_url":null,"og_article_section":null,"og_article_tags":null,"twitter_use_og":false,"twitter_card":"default","twitter_image_type":"default","twitter_image_url":null,"twitter_image_custom_url":null,"twitter_image_custom_fields":null,"twitter_title":null,"twitter_description":null,"schema":{"blockGraphs":[],"customGraphs":[],"default":{"data":{"Article":[],"Course":[],"Dataset":[],"FAQPage":[],"Movie":[],"Person":[],"Product":[],"ProductReview":[],"Car":[],"Recipe":[],"Service":[],"SoftwareApplication":[],"WebPage":[]},"graphName":"","isEnabled":true},"graphs":[]},"schema_type":"default","schema_type_options":null,"pillar_content":false,"robots_default":true,"robots_noindex":false,"robots_noarchive":false,"robots_nosnippet":false,"robots_nofollow":false,"robots_noimageindex":false,"robots_noodp":false,"robots_notranslate":false,"robots_max_snippet":null,"robots_max_videopreview":null,"robots_max_imagepreview":"large","priority":null,"frequency":null,"local_seo":null,"seo_analyzer_scan_date":"2026-04-01 16:37:41","breadcrumb_settings":null,"limit_modified_date":false,"reviewed_by":null,"open_ai":null,"ai":null,"created":"2023-10-18 17:13:29","updated":"2026-04-01 17:34:11"},"aioseo_breadcrumb":"<div class=\"aioseo-breadcrumbs\"><span class=\"aioseo-breadcrumb\">\n\t<a href=\"https:\/\/hunterscreekdentistry.com\/es\" title=\"Home\">Home<\/a>\n<\/span><span class=\"aioseo-breadcrumb-separator\">\u00bb<\/span><span class=\"aioseo-breadcrumb\">\n\tMetLife Dental Insurance Plans\n<\/span><\/div>","aioseo_breadcrumb_json":[{"label":"Home","link":"https:\/\/hunterscreekdentistry.com\/es"},{"label":"MetLife Dental Insurance Plans","link":"https:\/\/hunterscreekdentistry.com\/es\/metlife-dental-insurance-plans\/"}],"_links":{"self":[{"href":"https:\/\/hunterscreekdentistry.com\/es\/wp-json\/wp\/v2\/pages\/9004","targetHints":{"allow":["GET"]}}],"collection":[{"href":"https:\/\/hunterscreekdentistry.com\/es\/wp-json\/wp\/v2\/pages"}],"about":[{"href":"https:\/\/hunterscreekdentistry.com\/es\/wp-json\/wp\/v2\/types\/page"}],"author":[{"embeddable":true,"href":"https:\/\/hunterscreekdentistry.com\/es\/wp-json\/wp\/v2\/users\/1"}],"replies":[{"embeddable":true,"href":"https:\/\/hunterscreekdentistry.com\/es\/wp-json\/wp\/v2\/comments?post=9004"}],"version-history":[{"count":4,"href":"https:\/\/hunterscreekdentistry.com\/es\/wp-json\/wp\/v2\/pages\/9004\/revisions"}],"predecessor-version":[{"id":9836,"href":"https:\/\/hunterscreekdentistry.com\/es\/wp-json\/wp\/v2\/pages\/9004\/revisions\/9836"}],"wp:attachment":[{"href":"https:\/\/hunterscreekdentistry.com\/es\/wp-json\/wp\/v2\/media?parent=9004"}],"curies":[{"name":"wp","href":"https:\/\/api.w.org\/{rel}","templated":true}]}}