{"id":8998,"date":"2020-08-26T13:06:17","date_gmt":"2020-08-26T13:06:17","guid":{"rendered":"https:\/\/hunterscreekdentistry.com\/inhouse-discount-plan\/"},"modified":"2026-04-21T14:36:38","modified_gmt":"2026-04-21T18:36:38","slug":"inhouse-discount-plan","status":"publish","type":"page","link":"https:\/\/hunterscreekdentistry.com\/es\/inhouse-discount-plan\/","title":{"rendered":"Plan de descuentos internos"},"content":{"rendered":"<div id=\"cs-content\" class=\"cs-content\"><div class=\"x-section e8998-e1 m6xy-0 m6xy-1 m6xy-2 m6xy-6 hero_video\"><div class=\"x-bg\"><div class=\"x-bg-layer-lower-img\"><img sizes=\"(max-width: 1300px) 100vw, 1300px\" srcset=\"https:\/\/hunterscreekdentistry.com\/wp-content\/uploads\/sites\/25\/2021\/08\/Family.jpg 1300w, https:\/\/hunterscreekdentistry.com\/wp-content\/uploads\/sites\/25\/2021\/08\/Family-300x208.jpg 300w, https:\/\/hunterscreekdentistry.com\/wp-content\/uploads\/sites\/25\/2021\/08\/Family-1024x709.jpg 1024w, https:\/\/hunterscreekdentistry.com\/wp-content\/uploads\/sites\/25\/2021\/08\/Family-768x532.jpg 768w, https:\/\/hunterscreekdentistry.com\/wp-content\/uploads\/sites\/25\/2021\/08\/Family-100x69.jpg 100w\" decoding=\"async\" src=\"\/wp-content\/uploads\/2021\/08\/Family.jpg\" alt=\"A smiling woman and man sit on a couch playing video games with controllers, while a young girl behind them cheers with her arms raised, all appearing happy and excited in a bright living room.\"\/><\/div><div class=\"x-bg-layer-upper-color\" aria-hidden=\"true\"><\/div><\/div><div class=\"x-row x-container max width e8998-e2 m6xy-7 m6xy-8 m6xy-9 m6xy-k m6xy-l\"><div class=\"x-row-inner\"><div class=\"x-col e8998-e3 m6xy-t m6xy-u m6xy-v m6xy-w m6xy-x m6xy-y\"><div class=\"x-div e8998-e4 m6xy-17\"><div class=\"x-text x-content e8998-e5 m6xy-18 m6xy-19 m6xy-1a m6xy-1b m6xy-1c m6xy-1d m6xy-1e m6xy-1f\"><p class=\"p9px txt_white\">Se Habla Espa\u00f1ol<\/p><\/div><div class=\"x-text x-content e8998-e6 m6xy-18 m6xy-19 m6xy-1a m6xy-1b m6xy-1c m6xy-1d m6xy-1e m6xy-1f\"><p class=\"p9px txt_white\">Citas de urgencia disponibles<\/p><\/div><\/div><div class=\"x-text x-content e8998-e7 m6xy-18 m6xy-1a m6xy-1c m6xy-1d m6xy-1f m6xy-1g\"><a class=\"x-image\" href=\"\/es\/homepage\/\" style=\"outline: none;\"><img sizes=\"(max-width: 960px) 100vw, 960px\" srcset=\"https:\/\/hunterscreekdentistry.com\/wp-content\/uploads\/sites\/25\/2025\/09\/GPI-0128-001_HCD_White_960x238.png 960w, https:\/\/hunterscreekdentistry.com\/wp-content\/uploads\/sites\/25\/2025\/09\/GPI-0128-001_HCD_White_960x238-300x74.png 300w, https:\/\/hunterscreekdentistry.com\/wp-content\/uploads\/sites\/25\/2025\/09\/GPI-0128-001_HCD_White_960x238-768x190.png 768w, https:\/\/hunterscreekdentistry.com\/wp-content\/uploads\/sites\/25\/2025\/09\/GPI-0128-001_HCD_White_960x238-18x4.png 18w, https:\/\/hunterscreekdentistry.com\/wp-content\/uploads\/sites\/25\/2025\/09\/GPI-0128-001_HCD_White_960x238-100x25.png 100w\" decoding=\"async\" src=\"https:\/\/hunterscreekdentistry.com\/wp-content\/uploads\/sites\/25\/2025\/09\/GPI-0128-001_HCD_White_960x238.png\" width=\"480\" height=\"119\" alt=\"Hunters Creek Dentistry Logo\" loading=\"lazy\"><\/a><\/div><\/div><\/div><\/div><div class=\"x-row x-container max width e8998-e8 m6xy-7 m6xy-a m6xy-k m6xy-m\"><div class=\"x-row-inner\"><div class=\"x-col e8998-e9 m6xy-t m6xy-v m6xy-x m6xy-y m6xy-z m6xy-10\"><div class=\"x-text x-content e8998-e10 m6xy-18 m6xy-1a m6xy-1c m6xy-1d m6xy-1e m6xy-1h m6xy-1i\"><h1 class=\"txt_white\">Cobertura dental para usted y toda su familia<\/h1><\/div><\/div><\/div><\/div><\/div><div class=\"x-section e8998-e11 m6xy-0 m6xy-2 m6xy-3 m6xy-4\" style=\"--tco-dc6xy-1:rgba(203, 197, 147, .3);--tco-dc6xy-4:rgba(203, 197, 147, .3);\"><div class=\"x-row x-container max width e8998-e12 m6xy-7 m6xy-b m6xy-c m6xy-d m6xy-e m6xy-k m6xy-n\" style=\"--tco-dc6xy-7:rgb(255, 255, 255);--tco-dc6xy-a:rgb(255, 255, 255);--tco-dc6xy-d:rgb(255, 255, 255);\"><div class=\"x-row-inner\"><div class=\"x-col e8998-e13 m6xy-t m6xy-u m6xy-x m6xy-y m6xy-11 m6xy-12\"><div class=\"x-text x-content e8998-e14 m6xy-18 m6xy-1h m6xy-1j m6xy-1k m6xy-1l m6xy-1m m6xy-1n m6xy-1o\"><h2>En Hunters Creek Dentistry, queremos ofrecer un cuidado dental c\u00f3modo y de alta calidad a todo el mundo.<\/h2><\/div><div class=\"x-text x-content e8998-e15 m6xy-18 m6xy-19 m6xy-1j m6xy-1l m6xy-1m m6xy-1n m6xy-1o m6xy-1p\"><p class=\"pdefault\">Los pacientes sin seguro a\u00fan pueden ahorrar en nuestros excelentes servicios odontol\u00f3gicos generales, preventivos y est\u00e9ticos.<\/p>\n<p class=\"pdefault\">Por eso ofrecemos un plan interno de descuentos. El plan incluye el mismo cuidado dental profesional superior que usted espera mientras que goza de ahorros significativos en procedimientos dentales regulares. Ofreciendo descuentos entre <b>10 a 20%<\/b>\u00a0en la mayor\u00eda de los procedimientos dentales, desde limpiezas dentales hasta empastes.<\/p><\/div><\/div><div class=\"x-col e8998-e16 m6xy-t m6xy-v m6xy-x m6xy-z m6xy-13 m6xy-14\"><div class=\"x-bg\"><div class=\"x-bg-layer-lower-img\"><img sizes=\"(max-width: 900px) 100vw, 900px\" srcset=\"https:\/\/hunterscreekdentistry.com\/wp-content\/uploads\/sites\/25\/2021\/12\/master_spl_InHouse.jpg 900w, https:\/\/hunterscreekdentistry.com\/wp-content\/uploads\/sites\/25\/2021\/12\/master_spl_InHouse-300x300.jpg 300w, https:\/\/hunterscreekdentistry.com\/wp-content\/uploads\/sites\/25\/2021\/12\/master_spl_InHouse-150x150.jpg 150w, https:\/\/hunterscreekdentistry.com\/wp-content\/uploads\/sites\/25\/2021\/12\/master_spl_InHouse-768x768.jpg 768w, https:\/\/hunterscreekdentistry.com\/wp-content\/uploads\/sites\/25\/2021\/12\/master_spl_InHouse-12x12.jpg 12w, https:\/\/hunterscreekdentistry.com\/wp-content\/uploads\/sites\/25\/2021\/12\/master_spl_InHouse-100x100.jpg 100w\" decoding=\"async\" src=\"\/wp-content\/uploads\/2021\/12\/master_spl_InHouse.jpg\" alt=\"A smiling couple sits close together on a couch, sharing a pair of earphones and looking at a smartphone, enjoying music or a video in a cozy living room setting.\"\/><\/div><\/div><\/div><\/div><\/div><div class=\"x-row x-container max width e8998-e17 m6xy-7 m6xy-9 m6xy-b m6xy-e m6xy-f m6xy-k m6xy-o\" style=\"--tco-dc6xy-g:rgb(0, 86, 139);--tco-dc6xy-j:rgb(0, 86, 139);--tco-dc6xy-m:rgb(0, 86, 139);\"><div class=\"x-row-inner\"><div class=\"x-col e8998-e18 m6xy-t m6xy-v m6xy-x m6xy-y m6xy-z m6xy-15\"><div class=\"x-text x-content e8998-e19 m6xy-18 m6xy-1e m6xy-1h m6xy-1j m6xy-1k m6xy-1l m6xy-1m m6xy-1o\"><h2 class=\"txt_white\">\u00bfNo tiene seguro dental?<\/h2>\n<h3 class=\"txt_white\">No hay problema.<\/h3><\/div><\/div><div class=\"x-col e8998-e20 m6xy-t m6xy-v m6xy-x m6xy-z m6xy-12 m6xy-16\" style=\"--tco-dc6xy-p:rgb(255, 255, 255);\"><div class=\"x-text x-content e8998-e21 m6xy-18 m6xy-19 m6xy-1a m6xy-1d m6xy-1e m6xy-1l m6xy-1p m6xy-1q m6xy-1r\"><p class=\"pdefault brand_color\"><b>Planes para adultos desde<\/b><\/p><\/div><div class=\"x-counter e8998-e22 m6xy-1u\" style=\"--tco-dc6xy-r:rgb(118, 188, 67);\" data-x-element-counter=\"{&quot;to&quot;:&quot;12.50&quot;,&quot;speed&quot;:&quot;2s&quot;,&quot;commaSeparatedDecimal&quot;:false}\"><div class=\"x-counter-number-wrap\"><span class=\"x-counter-number-prefix\">$<\/span><span class=\"x-counter-number\">100.00<\/span><\/div><\/div><div class=\"x-text x-content e8998-e23 m6xy-18 m6xy-19 m6xy-1a m6xy-1d m6xy-1e m6xy-1f m6xy-1l m6xy-1p m6xy-1r\"><p class=\"pdefault brand_color\"><b>al mes!*<\/b><\/p><\/div><div class=\"x-text x-content e8998-e24 m6xy-18 m6xy-19 m6xy-1a m6xy-1d m6xy-1e m6xy-1f m6xy-1l m6xy-1p m6xy-1r\"><p class=\"p8px\">*Hunters Creek Dentistry ofrece el plan de descuento de la casa a los pacientes sin seguro dental solamente. No se puede combinar con el seguro dental. El plan se factura anualmente, por lo que el \"tan bajo como\" costo es un desglose mensual de esa cuota anual.<\/p><\/div><\/div><\/div><\/div><div class=\"x-row x-container max width e8998-e25 m6xy-7 m6xy-b m6xy-c m6xy-g m6xy-k m6xy-p\" style=\"--tco-dc6xy-t:rgb(0, 86, 139);--tco-dc6xy-w:rgb(0, 86, 139);\"><div class=\"x-row-inner\"><div class=\"x-col e8998-e26 m6xy-t m6xy-v m6xy-x m6xy-y m6xy-z m6xy-12\"><div class=\"x-text x-content e8998-e27 m6xy-18 m6xy-1d m6xy-1e m6xy-1h m6xy-1j m6xy-1k m6xy-1l m6xy-1q\"><h3 class=\"txt_white\">P\u00f3ngase en contacto con nosotros hoy mismo para inscribirse en nuestro plan de descuentos internos.<\/h3><\/div><div class=\"x-text x-content e8998-e28 m6xy-18 m6xy-19 m6xy-1d m6xy-1e m6xy-1j m6xy-1l m6xy-1p m6xy-1q\"><p class=\"pdefault txt_white\">Con este plan de descuentos, garantizar\u00e1 la salud de su sonrisa y ahorrar\u00e1 dinero. Nos encantar\u00eda responder a cualquiera de sus preguntas.<\/p><\/div><\/div><\/div><\/div><\/div><div class=\"x-section e8998-e29 m6xy-0 m6xy-3 m6xy-5\" style=\"--tco-dc6xy-z:rgba(203, 197, 147, .3);--tco-dc6xy-12:rgba(203, 197, 147, .3);\"><div class=\"x-row x-container max width e8998-e30 m6xy-7 m6xy-b m6xy-c m6xy-e m6xy-h m6xy-k m6xy-q\" style=\"--tco-dc6xy-15:rgb(255, 255, 255);--tco-dc6xy-18:rgb(255, 255, 255);--tco-dc6xy-1b:rgb(255, 255, 255);\"><div class=\"x-row-inner\"><div class=\"x-col e8998-e31 m6xy-t m6xy-u m6xy-x m6xy-y m6xy-11 m6xy-12\"><div class=\"x-text x-content e8998-e32 m6xy-18 m6xy-1a m6xy-1d m6xy-1h m6xy-1k m6xy-1l m6xy-1n m6xy-1q\"><h2>C\u00f3mo funciona el plan de descuentos internos<\/h2><\/div><div class=\"x-text x-content e8998-e33 m6xy-18 m6xy-19 m6xy-1d m6xy-1j m6xy-1l m6xy-1p m6xy-1s\"><p class=\"pdefault\"><strong>Podr\u00e1 acogerse a este plan tanto si es un paciente nuevo como si ya lo es, siempre que no tenga un seguro dental.<\/strong><\/p>\n<p class=\"pdefault\"><b>Puedes inscribirte en el plan en la oficina,<\/b> y sus prestaciones ser\u00e1n v\u00e1lidas durante todo un a\u00f1o. Nos ocupamos de todos los detalles para que pueda disfrutar de una sonrisa sin preocupaciones.<\/p><\/div><\/div><div class=\"x-col e8998-e34 m6xy-x m6xy-y m6xy-14\"><div class=\"x-bg\"><div class=\"x-bg-layer-lower-img\"><img decoding=\"async\" src=\"https:\/\/hunterscreekdentistry.com\/wp-content\/uploads\/sites\/25\/2021\/04\/HCD_paymentPlan4.jpg\" srcset=\"https:\/\/hunterscreekdentistry.com\/wp-content\/uploads\/sites\/25\/2021\/04\/HCD_paymentPlan4.jpg 880w, https:\/\/hunterscreekdentistry.com\/wp-content\/uploads\/sites\/25\/2021\/04\/HCD_paymentPlan4-300x259.jpg 300w, https:\/\/hunterscreekdentistry.com\/wp-content\/uploads\/sites\/25\/2021\/04\/HCD_paymentPlan4-768x663.jpg 768w, https:\/\/hunterscreekdentistry.com\/wp-content\/uploads\/sites\/25\/2021\/04\/HCD_paymentPlan4-100x86.jpg 100w\" sizes=\"(max-width: 880px) 100vw, 880px\" alt=\"A smiling couple stands close together outside a house with gray siding and a yellow door, looking happy and relaxed in the daylight.\"\/><\/div><\/div><\/div><\/div><\/div><div class=\"x-row x-container max width e8998-e35 m6xy-7 m6xy-b m6xy-c m6xy-i m6xy-k m6xy-r\" style=\"--tco-dc6xy-1e:rgb(255, 255, 255);--tco-dc6xy-1h:rgb(255, 255, 255);\"><div class=\"x-row-inner\"><div class=\"x-col e8998-e36 m6xy-t m6xy-u m6xy-x m6xy-y m6xy-11 m6xy-12 m6xy-15\"><div class=\"x-text x-content e8998-e37 m6xy-18 m6xy-1d m6xy-1h m6xy-1j m6xy-1k m6xy-1l m6xy-1o\"><h3>Las ventajas del plan de descuento interno incluyen:<\/h3><\/div><div class=\"x-text x-content e8998-e38 m6xy-18 m6xy-19 m6xy-1a m6xy-1d m6xy-1f m6xy-1l m6xy-1n m6xy-1p m6xy-1t\"><ul>\n<li>No hay prestaciones m\u00e1ximas anuales individuales o familiares permitidas<\/li>\n<li>Sin franquicias<\/li>\n<li>No hay que rellenar ni enviar formularios de reclamaci\u00f3n al seguro<\/li>\n<li>Sin limitaciones del seguro para tratamientos preexistentes<\/li>\n<li>Sin requisitos de autorizaci\u00f3n previa<\/li>\n<li>No se deniega la cobertura a los pacientes sin seguro<\/li>\n<li>Sin gastos ocultos<\/li>\n<li>Admisibilidad inmediata sin periodos de espera<\/li>\n<li>Excelente atenci\u00f3n dental con importantes descuentos<\/li>\n<\/ul><\/div><\/div><\/div><\/div><div class=\"x-row x-container max width e8998-e39 m6xy-7 m6xy-b m6xy-c m6xy-j m6xy-k m6xy-s\" style=\"--tco-dc6xy-1k:rgb(0, 86, 139);--tco-dc6xy-1n:rgb(0, 86, 139);\"><div class=\"x-row-inner\"><div class=\"x-col e8998-e40 m6xy-t m6xy-v m6xy-x m6xy-y m6xy-z m6xy-12\"><div class=\"x-text x-content e8998-e41 m6xy-18 m6xy-1a m6xy-1d m6xy-1e m6xy-1h m6xy-1k m6xy-1l m6xy-1q\"><h3 class=\"txt_white\">\u00bfEst\u00e1 listo para inscribirse o quiere saber m\u00e1s sobre c\u00f3mo puede ahorrar con el plan de descuentos internos?<\/h3><\/div><div class=\"x-text x-content e8998-e42 m6xy-18 m6xy-1a m6xy-1d m6xy-1e m6xy-1h m6xy-1k m6xy-1l m6xy-1q\"><h3 class=\"txt_white\">P\u00f3ngase en contacto con nosotros hoy mismo.<\/h3><\/div><\/div><\/div><\/div><\/div><\/div>","protected":false},"excerpt":{"rendered":"<p>\u00bfNo tiene seguro? No hay problema. Plan de descuento dental en Orlando, Florida. \u00a1P\u00f3ngase en contacto con Hunters Creek Odontolog\u00eda en 407-251-5100 para obtener ayuda ahora!<\/p>","protected":false},"author":2,"featured_media":0,"parent":0,"menu_order":0,"comment_status":"closed","ping_status":"closed","template":"template-blank-4.php","meta":{"footnotes":""},"class_list":["post-8998","page","type-page","status-publish","hentry","no-post-thumbnail"],"aioseo_notices":[],"aioseo_head":"\n\t\t<!-- All in One SEO Pro 4.9.6.2 - aioseo.com -->\n\t<meta name=\"description\" content=\"No insurance? No problem! In-house dental discount plan in Orlando, Florida. Contact Hunters Creek Dentistry at 407-251-5100 to get help now!\" \/>\n\t<meta name=\"robots\" content=\"max-image-preview:large\" \/>\n\t<link rel=\"canonical\" href=\"https:\/\/hunterscreekdentistry.com\/es\/inhouse-discount-plan\/\" \/>\n\t<meta name=\"generator\" content=\"All in One SEO Pro (AIOSEO) 4.9.6.2\" \/>\n\t\t<meta property=\"og:locale\" content=\"es_ES\" \/>\n\t\t<meta property=\"og:site_name\" content=\"Hunters Creek Dentistry - Hunters Creek Dentistry\" \/>\n\t\t<meta property=\"og:type\" content=\"article\" \/>\n\t\t<meta property=\"og:title\" content=\"InHouse Discount Plan - Hunters Creek Dentistry - Orlando Dentist Near You\" \/>\n\t\t<meta property=\"og:description\" content=\"No insurance? No problem! In-house dental discount plan in Orlando, Florida. Contact Hunters Creek Dentistry at 407-251-5100 to get help now!\" \/>\n\t\t<meta property=\"og:url\" content=\"https:\/\/hunterscreekdentistry.com\/es\/inhouse-discount-plan\/\" \/>\n\t\t<meta property=\"og:image\" content=\"https:\/\/hunterscreekdentistry.com\/wp-content\/uploads\/sites\/25\/2023\/11\/HCD.jpg\" \/>\n\t\t<meta property=\"og:image:secure_url\" content=\"https:\/\/hunterscreekdentistry.com\/wp-content\/uploads\/sites\/25\/2023\/11\/HCD.jpg\" \/>\n\t\t<meta property=\"og:image:width\" content=\"1200\" \/>\n\t\t<meta property=\"og:image:height\" content=\"630\" \/>\n\t\t<meta property=\"article:published_time\" content=\"2020-08-26T13:06:17+00:00\" \/>\n\t\t<meta property=\"article:modified_time\" content=\"2026-04-21T18:36:38+00:00\" \/>\n\t\t<meta name=\"twitter:card\" content=\"summary\" \/>\n\t\t<meta name=\"twitter:title\" content=\"InHouse Discount Plan - Hunters Creek Dentistry - Orlando Dentist Near You\" \/>\n\t\t<meta name=\"twitter:description\" content=\"No insurance? No problem! In-house dental discount plan in Orlando, Florida. Contact Hunters Creek Dentistry at 407-251-5100 to get help now!\" \/>\n\t\t<meta name=\"twitter:image\" content=\"https:\/\/hunterscreekdentistry.com\/wp-content\/uploads\/sites\/25\/2023\/11\/HCD.jpg\" \/>\n\t\t<script type=\"application\/ld+json\" class=\"aioseo-schema\">\n\t\t\t{\"@context\":\"https:\\\/\\\/schema.org\",\"@graph\":[{\"@type\":\"BreadcrumbList\",\"@id\":\"https:\\\/\\\/hunterscreekdentistry.com\\\/es\\\/inhouse-discount-plan\\\/#breadcrumblist\",\"itemListElement\":[{\"@type\":\"ListItem\",\"@id\":\"https:\\\/\\\/hunterscreekdentistry.com\\\/es#listItem\",\"position\":1,\"name\":\"Home\",\"item\":\"https:\\\/\\\/hunterscreekdentistry.com\\\/es\",\"nextItem\":{\"@type\":\"ListItem\",\"@id\":\"https:\\\/\\\/hunterscreekdentistry.com\\\/es\\\/inhouse-discount-plan\\\/#listItem\",\"name\":\"InHouse Discount Plan\"}},{\"@type\":\"ListItem\",\"@id\":\"https:\\\/\\\/hunterscreekdentistry.com\\\/es\\\/inhouse-discount-plan\\\/#listItem\",\"position\":2,\"name\":\"InHouse Discount Plan\",\"previousItem\":{\"@type\":\"ListItem\",\"@id\":\"https:\\\/\\\/hunterscreekdentistry.com\\\/es#listItem\",\"name\":\"Home\"}}]},{\"@type\":\"Organization\",\"@id\":\"https:\\\/\\\/hunterscreekdentistry.com\\\/es\\\/#organization\",\"name\":\"Hunters Creek Dentistry\",\"description\":\"Hunters Creek Dentistry\",\"url\":\"https:\\\/\\\/hunterscreekdentistry.com\\\/es\\\/\",\"email\":\"contact@hunterscreekdentistry.com\",\"telephone\":\"+14072515100\",\"logo\":{\"@type\":\"ImageObject\",\"url\":\"http:\\\/\\\/master.operationdental.com\\\/wp-content\\\/uploads\\\/2022\\\/08\\\/HDC_Logocolor750w.png\",\"@id\":\"https:\\\/\\\/hunterscreekdentistry.com\\\/es\\\/inhouse-discount-plan\\\/#organizationLogo\"},\"image\":{\"@id\":\"https:\\\/\\\/hunterscreekdentistry.com\\\/es\\\/inhouse-discount-plan\\\/#organizationLogo\"},\"address\":{\"@id\":\"https:\\\/\\\/hunterscreekdentistry.com\\\/es\\\/#postaladdress\",\"@type\":\"PostalAddress\",\"streetAddress\":\"14009 Egret Tower Dr,\",\"postalCode\":\"32837\",\"addressLocality\":\"Orlando\",\"addressRegion\":\"Florida\",\"addressCountry\":\"US\"}},{\"@type\":\"WebPage\",\"@id\":\"https:\\\/\\\/hunterscreekdentistry.com\\\/es\\\/inhouse-discount-plan\\\/#webpage\",\"url\":\"https:\\\/\\\/hunterscreekdentistry.com\\\/es\\\/inhouse-discount-plan\\\/\",\"name\":\"InHouse Discount Plan - Hunters Creek Dentistry - Orlando Dentist Near You\",\"description\":\"No insurance? No problem! In-house dental discount plan in Orlando, Florida. Contact Hunters Creek Dentistry at 407-251-5100 to get help now!\",\"inLanguage\":\"es-ES\",\"isPartOf\":{\"@id\":\"https:\\\/\\\/hunterscreekdentistry.com\\\/es\\\/#website\"},\"breadcrumb\":{\"@id\":\"https:\\\/\\\/hunterscreekdentistry.com\\\/es\\\/inhouse-discount-plan\\\/#breadcrumblist\"},\"datePublished\":\"2020-08-26T13:06:17-04:00\",\"dateModified\":\"2026-04-21T14:36:38-04:00\"},{\"@type\":\"WebSite\",\"@id\":\"https:\\\/\\\/hunterscreekdentistry.com\\\/es\\\/#website\",\"url\":\"https:\\\/\\\/hunterscreekdentistry.com\\\/es\\\/\",\"name\":\"Hunters Creek Dentistry\",\"description\":\"Hunters Creek Dentistry\",\"inLanguage\":\"es-ES\",\"publisher\":{\"@id\":\"https:\\\/\\\/hunterscreekdentistry.com\\\/es\\\/#organization\"}}]}\n\t\t<\/script>\n\t\t<!-- All in One SEO Pro -->\r\n\t\t<title>InHouse Discount Plan - Hunters Creek Dentistry - Orlando Dentist Near You<\/title>\n\n","aioseo_head_json":{"title":"Plan de descuento interno - Hunters Creek Dentistry - Dentista en Orlando cerca de usted","description":"\u00bfNo tiene seguro? No hay problema. Plan de descuento dental en Orlando, Florida. \u00a1P\u00f3ngase en contacto con Hunters Creek Odontolog\u00eda en 407-251-5100 para obtener ayuda ahora!","canonical_url":"https:\/\/hunterscreekdentistry.com\/es\/inhouse-discount-plan\/","robots":"max-image-preview:large","keywords":"","webmasterTools":{"miscellaneous":""},"schema":{"@context":"https:\/\/schema.org","@graph":[{"@type":"BreadcrumbList","@id":"https:\/\/hunterscreekdentistry.com\/es\/inhouse-discount-plan\/#breadcrumblist","itemListElement":[{"@type":"ListItem","@id":"https:\/\/hunterscreekdentistry.com\/es#listItem","position":1,"name":"Home","item":"https:\/\/hunterscreekdentistry.com\/es","nextItem":{"@type":"ListItem","@id":"https:\/\/hunterscreekdentistry.com\/es\/inhouse-discount-plan\/#listItem","name":"InHouse Discount Plan"}},{"@type":"ListItem","@id":"https:\/\/hunterscreekdentistry.com\/es\/inhouse-discount-plan\/#listItem","position":2,"name":"InHouse Discount Plan","previousItem":{"@type":"ListItem","@id":"https:\/\/hunterscreekdentistry.com\/es#listItem","name":"Home"}}]},{"@type":"Organization","@id":"https:\/\/hunterscreekdentistry.com\/es\/#organization","name":"Hunters Creek Dentistry","description":"Hunters Creek Dentistry","url":"https:\/\/hunterscreekdentistry.com\/es\/","email":"contact@hunterscreekdentistry.com","telephone":"+14072515100","logo":{"@type":"ImageObject","url":"http:\/\/master.operationdental.com\/wp-content\/uploads\/2022\/08\/HDC_Logocolor750w.png","@id":"https:\/\/hunterscreekdentistry.com\/es\/inhouse-discount-plan\/#organizationLogo"},"image":{"@id":"https:\/\/hunterscreekdentistry.com\/es\/inhouse-discount-plan\/#organizationLogo"},"address":{"@id":"https:\/\/hunterscreekdentistry.com\/es\/#postaladdress","@type":"PostalAddress","streetAddress":"14009 Egret Tower Dr,","postalCode":"32837","addressLocality":"Orlando","addressRegion":"Florida","addressCountry":"US"}},{"@type":"WebPage","@id":"https:\/\/hunterscreekdentistry.com\/es\/inhouse-discount-plan\/#webpage","url":"https:\/\/hunterscreekdentistry.com\/es\/inhouse-discount-plan\/","name":"InHouse Discount Plan - Hunters Creek Dentistry - Orlando Dentist Near You","description":"No insurance? No problem! In-house dental discount plan in Orlando, Florida. Contact Hunters Creek Dentistry at 407-251-5100 to get help now!","inLanguage":"es-ES","isPartOf":{"@id":"https:\/\/hunterscreekdentistry.com\/es\/#website"},"breadcrumb":{"@id":"https:\/\/hunterscreekdentistry.com\/es\/inhouse-discount-plan\/#breadcrumblist"},"datePublished":"2020-08-26T13:06:17-04:00","dateModified":"2026-04-21T14:36:38-04:00"},{"@type":"WebSite","@id":"https:\/\/hunterscreekdentistry.com\/es\/#website","url":"https:\/\/hunterscreekdentistry.com\/es\/","name":"Hunters Creek Dentistry","description":"Hunters Creek Dentistry","inLanguage":"es-ES","publisher":{"@id":"https:\/\/hunterscreekdentistry.com\/es\/#organization"}}]},"og:locale":"es_ES","og:site_name":"Hunters Creek Dentistry - Hunters Creek Dentistry","og:type":"article","og:title":"InHouse Discount Plan - Hunters Creek Dentistry - Orlando Dentist Near You","og:description":"No insurance? No problem! In-house dental discount plan in Orlando, Florida. Contact Hunters Creek Dentistry at 407-251-5100 to get help now!","og:url":"https:\/\/hunterscreekdentistry.com\/es\/inhouse-discount-plan\/","og:image":"https:\/\/hunterscreekdentistry.com\/wp-content\/uploads\/sites\/25\/2023\/11\/HCD.jpg","og:image:secure_url":"https:\/\/hunterscreekdentistry.com\/wp-content\/uploads\/sites\/25\/2023\/11\/HCD.jpg","og:image:width":1200,"og:image:height":630,"article:published_time":"2020-08-26T13:06:17+00:00","article:modified_time":"2026-04-21T18:36:38+00:00","twitter:card":"summary","twitter:title":"InHouse Discount Plan - Hunters Creek Dentistry - Orlando Dentist Near You","twitter:description":"No insurance? No problem! In-house dental discount plan in Orlando, Florida. Contact Hunters Creek Dentistry at 407-251-5100 to get help now!","twitter:image":"https:\/\/hunterscreekdentistry.com\/wp-content\/uploads\/sites\/25\/2023\/11\/HCD.jpg"},"aioseo_meta_data":{"post_id":"8998","title":null,"description":null,"keywords":null,"keyphrases":null,"primary_term":null,"canonical_url":null,"og_title":null,"og_description":null,"og_object_type":"default","og_image_type":"default","og_image_url":null,"og_image_width":null,"og_image_height":null,"og_image_custom_url":null,"og_image_custom_fields":null,"og_video":null,"og_custom_url":null,"og_article_section":null,"og_article_tags":null,"twitter_use_og":false,"twitter_card":"default","twitter_image_type":"default","twitter_image_url":null,"twitter_image_custom_url":null,"twitter_image_custom_fields":null,"twitter_title":null,"twitter_description":null,"schema":{"blockGraphs":[],"customGraphs":[],"default":{"data":{"Article":[],"Course":[],"Dataset":[],"FAQPage":[],"Movie":[],"Person":[],"Product":[],"ProductReview":[],"Car":[],"Recipe":[],"Service":[],"SoftwareApplication":[],"WebPage":[]},"graphName":"","isEnabled":true},"graphs":[]},"schema_type":"default","schema_type_options":null,"pillar_content":false,"robots_default":true,"robots_noindex":false,"robots_noarchive":false,"robots_nosnippet":false,"robots_nofollow":false,"robots_noimageindex":false,"robots_noodp":false,"robots_notranslate":false,"robots_max_snippet":null,"robots_max_videopreview":null,"robots_max_imagepreview":"large","priority":null,"frequency":null,"local_seo":null,"seo_analyzer_scan_date":"2026-04-21 18:39:04","breadcrumb_settings":null,"limit_modified_date":false,"reviewed_by":null,"open_ai":null,"ai":null,"created":"2023-10-18 17:08:23","updated":"2026-04-21 18:40:01"},"aioseo_breadcrumb":"<div class=\"aioseo-breadcrumbs\"><span class=\"aioseo-breadcrumb\">\n\t<a href=\"https:\/\/hunterscreekdentistry.com\/es\" title=\"Home\">Home<\/a>\n<\/span><span class=\"aioseo-breadcrumb-separator\">\u00bb<\/span><span class=\"aioseo-breadcrumb\">\n\tInHouse Discount Plan\n<\/span><\/div>","aioseo_breadcrumb_json":[{"label":"Home","link":"https:\/\/hunterscreekdentistry.com\/es"},{"label":"InHouse Discount Plan","link":"https:\/\/hunterscreekdentistry.com\/es\/inhouse-discount-plan\/"}],"_links":{"self":[{"href":"https:\/\/hunterscreekdentistry.com\/es\/wp-json\/wp\/v2\/pages\/8998","targetHints":{"allow":["GET"]}}],"collection":[{"href":"https:\/\/hunterscreekdentistry.com\/es\/wp-json\/wp\/v2\/pages"}],"about":[{"href":"https:\/\/hunterscreekdentistry.com\/es\/wp-json\/wp\/v2\/types\/page"}],"author":[{"embeddable":true,"href":"https:\/\/hunterscreekdentistry.com\/es\/wp-json\/wp\/v2\/users\/2"}],"replies":[{"embeddable":true,"href":"https:\/\/hunterscreekdentistry.com\/es\/wp-json\/wp\/v2\/comments?post=8998"}],"version-history":[{"count":0,"href":"https:\/\/hunterscreekdentistry.com\/es\/wp-json\/wp\/v2\/pages\/8998\/revisions"}],"wp:attachment":[{"href":"https:\/\/hunterscreekdentistry.com\/es\/wp-json\/wp\/v2\/media?parent=8998"}],"curies":[{"name":"wp","href":"https:\/\/api.w.org\/{rel}","templated":true}]}}